{"id":92,"date":"2021-01-12T14:07:34","date_gmt":"2021-01-12T14:07:34","guid":{"rendered":"https:\/\/yamaha-be.bijna.online\/fr\/?page_id=92"},"modified":"2025-07-23T13:16:22","modified_gmt":"2025-07-23T13:16:22","slug":"assurance-indian-motorcycle","status":"publish","type":"page","link":"https:\/\/indianmotorcycleinsurance.be\/fr\/assurance-indian-motorcycle\/","title":{"rendered":"Assurance Indian Motorcycle"},"content":{"rendered":"\n<h2 class=\"wp-block-heading\">POUR GARANTIR UN PLAISIR DE CONDUIRE SANS SOUCI, CHOISISSEZ INDIAN MOTORCYCLE INSURANCE<\/h2>\n\n\n\n<p>Indian Motorcycle Insurance comprend mieux&nbsp;que quiconque combien il est agr\u00e9able de conduire une Indian Motorcycle. Le plus important est que vous puissiez prendre la route toute tranquillit\u00e9 d&rsquo;esprit. Que vous conduisiez un Sport Chief, un Roadmaster ou un FTR Sport, \u00e0 ce que vous soyez correctement assur\u00e9. En choisissant nos garanties pour votre moto Indian Motorcycle, vous composez votre protection et celle de votre moto selon vos besoins.<\/p>\n\n\n\n<hr class=\"wp-block-separator has-css-opacity\"\/>\n\n\n\n<h2 class=\"wp-block-heading has-text-align-center\">NOUS VOUS PROPOSONS QUATRE DIFF\u00c9RENTES FORMULES D&rsquo;ASSURANCE<strong>&nbsp;:<\/strong><\/h2>\n\n\n\n<div class=\"wp-block-columns has-2-columns is-layout-flex wp-container-core-columns-is-layout-9d6595d7 wp-block-columns-is-layout-flex\">\n<div class=\"wp-block-column is-layout-flow wp-block-column-is-layout-flow\">\n<h3 class=\"wp-block-heading\"> <strong>1) RC (RESPONSABILIT\u00c9 CIVILE) \u00c0 PARTIR DE 164 \u20ac PAR AN<\/strong> <\/h3>\n\n\n\n<p>Cette assurance obligatoire pour votre Indian Motorcycle indemnise les dommages que vous (ou votre moto) pourriez causer \u00e0 de tierces personnes.<\/p>\n<\/div>\n\n\n\n<div class=\"wp-block-column is-layout-flow wp-block-column-is-layout-flow\">\n<h3 class=\"wp-block-heading\"><strong>2) RC + MINI OMNIUM<\/strong><\/h3>\n\n\n\n<p>En plus du vol (ou de la tentative de vol), l\u2019assurance \u2018\u2019Mini Omnium\u2019\u2019 couvre les dommages&nbsp;provoqu\u00e9s, entre autres, par un incendie, une collision avec des animaux en libert\u00e9 et un orage. <\/p>\n<\/div>\n<\/div>\n\n\n\n<div class=\"wp-block-columns has-2-columns is-layout-flex wp-container-core-columns-is-layout-9d6595d7 wp-block-columns-is-layout-flex\">\n<div class=\"wp-block-column is-layout-flow wp-block-column-is-layout-flow\">\n<h3 class=\"wp-block-heading\"><strong>3) RC + FULL OMNIUM<\/strong><\/h3>\n\n\n\n<p>En plus des garanties de la Mini Omnium,&nbsp;que vous soyez en tort ou non, la formule \u2018\u2019Full Omnium\u2019\u2019 couvre les&nbsp;dommages dus \u00e0 des&nbsp;actes&nbsp;de&nbsp;vandalisme. <\/p>\n<\/div>\n\n\n\n<div class=\"wp-block-column is-layout-flow wp-block-column-is-layout-flow\">\n<h3 class=\"wp-block-heading\"><strong>4) RC + FULL OMNIUM TOP<\/strong><\/h3>\n\n\n\n<p>En choisissant cette formule, votre Indian Motorcycle garde 100% de sa valeur durant les 3 premi\u00e8res ann\u00e9es, \u00e0 compter de la date d&rsquo;achat du v\u00e9hicule. Les v\u00eatements de moto sont aussi assur\u00e9s jusqu\u2019\u00e0  1.500 \u20ac par occupant du v\u00e9hicule (passagers&nbsp;et&nbsp;conducteur). De plus, cette formule d\u2019assurance couvre vos bagages jusqu&rsquo;\u00e0 2.500 \u20ac. <\/p>\n<\/div>\n<\/div>\n\n\n\n<p>Vous trouverez ci-dessous un tableau&nbsp;comparatif&nbsp;des&nbsp;formules d&rsquo;assurance \u00e0 vous proposer&nbsp;:<\/p>\n\n\n<div id=\"table-scroll\" class=\"table-scroll\">\n\t<table id=\"premie-tabelblock_f008433a2062ef86228bd59c6d21166f\" class=\"premie-tabel\">\t\n\t\t    <thead>\n\t\t \t<tr>\n\t\t\t \t<th>D\u00e9tails de la couverture<\/th>\n\t\t\t \t<th class=\"dekking\">RC<\/th>\n\t\t\t \t<th class=\"dekking\">Mini Omnium<\/th>\n\t\t\t \t<th class=\"dekking\">Full Omnium<\/th>\n\t\t\t \t<th class=\"dekking\">Full Omnium Top<\/th>\n\t\t \t<\/tr>\n\t    <\/thead>\n\t   \n\t <tbody> \n\t \n\t \t\t<tr>\n\t\t\t<th>Dommages caus\u00e9s aux tiers<\/th>\t\n\t\t\t<td class=\"dekking\"><i class=\"fa fa-check\"><\/i><\/td>\n\t\t\t<td class=\"dekking\"><i class=\"fa fa-check\"><\/i><\/td>\t\n\t\t\t<td class=\"dekking\"><i class=\"fa fa-check\"><\/i><\/td>\t\n\t\t\t<td class=\"dekking\"><i class=\"fa fa-check\"><\/i><\/td>\t\n\t\t<\/tr>\n\t\t\t\t<tr>\n\t\t\t<th>Assistance apr\u00e8s accident<\/th>\t\n\t\t\t<td class=\"dekking\"><i class=\"fa fa-check\"><\/i><\/td>\n\t\t\t<td class=\"dekking\"><i class=\"fa fa-check\"><\/i><\/td>\t\n\t\t\t<td class=\"dekking\"><i class=\"fa fa-check\"><\/i><\/td>\t\n\t\t\t<td class=\"dekking\"><i class=\"fa fa-check\"><\/i><\/td>\t\n\t\t<\/tr>\n\t\t\t\t<tr>\n\t\t\t<th>Franchise<\/th>\t\n\t\t\t<td class=\"dekking\">0 \u20ac<\/td>\n\t\t\t<td class=\"dekking\">0 \u20ac<\/td>\t\n\t\t\t<td class=\"dekking\">0 \u20ac<\/td>\t\n\t\t\t<td class=\"dekking\">0 \u20ac<\/td>\t\n\t\t<\/tr>\n\t\t\t\t<tr>\n\t\t\t<th>Remplacement de serrure (jusqu&rsquo;\u00e0 maximum 500 \u20ac) en cas de tentative de vol<\/th>\t\n\t\t\t<td class=\"dekking\"><i class=\"fa fa-times\"><\/i><\/td>\n\t\t\t<td class=\"dekking\"><i class=\"fa fa-check\"><\/i><\/td>\t\n\t\t\t<td class=\"dekking\"><i class=\"fa fa-check\"><\/i><\/td>\t\n\t\t\t<td class=\"dekking\"><i class=\"fa fa-check\"><\/i><\/td>\t\n\t\t<\/tr>\n\t\t\t\t<tr>\n\t\t\t<th>Incendie ; vol ; catastrophes naturelles<\/th>\t\n\t\t\t<td class=\"dekking\"><i class=\"fa fa-times\"><\/i><\/td>\n\t\t\t<td class=\"dekking\"><i class=\"fa fa-check\"><\/i><\/td>\t\n\t\t\t<td class=\"dekking\"><i class=\"fa fa-check\"><\/i><\/td>\t\n\t\t\t<td class=\"dekking\"><i class=\"fa fa-check\"><\/i><\/td>\t\n\t\t<\/tr>\n\t\t\t\t<tr>\n\t\t\t<th>Dommages caus\u00e9s par vous-m\u00eame<\/th>\t\n\t\t\t<td class=\"dekking\"><i class=\"fa fa-times\"><\/i><\/td>\n\t\t\t<td class=\"dekking\"><i class=\"fa fa-times\"><\/i><\/td>\t\n\t\t\t<td class=\"dekking\"><i class=\"fa fa-check\"><\/i><\/td>\t\n\t\t\t<td class=\"dekking\"><i class=\"fa fa-check\"><\/i><\/td>\t\n\t\t<\/tr>\n\t\t\t\t<tr>\n\t\t\t<th>Indemnisation correspondante \u00e0 la valeur d&rsquo;acquisition (pas d&rsquo;amortissement durant les 3 premi\u00e8res ann\u00e9es)<\/th>\t\n\t\t\t<td class=\"dekking\"><i class=\"fa fa-times\"><\/i><\/td>\n\t\t\t<td class=\"dekking\"><i class=\"fa fa-times\"><\/i><\/td>\t\n\t\t\t<td class=\"dekking\"><i class=\"fa fa-times\"><\/i><\/td>\t\n\t\t\t<td class=\"dekking\"><i class=\"fa fa-check\"><\/i><\/td>\t\n\t\t<\/tr>\n\t\t\t\t<tr>\n\t\t\t<th>V\u00e9hicule de remplacement en cas de vol ou r\u00e9paration<\/th>\t\n\t\t\t<td class=\"dekking\"><i class=\"fa fa-times\"><\/i><\/td>\n\t\t\t<td class=\"dekking\"><i class=\"fa fa-times\"><\/i><\/td>\t\n\t\t\t<td class=\"dekking\"><i class=\"fa fa-times\"><\/i><\/td>\t\n\t\t\t<td class=\"dekking\"><i class=\"fa fa-check\"><\/i><\/td>\t\n\t\t<\/tr>\n\t\t\t\t<tr>\n\t\t\t<th>Assurance v\u00eatements de moto incluse (jusqu\u2019\u00e0)<\/th>\t\n\t\t\t<td class=\"dekking\"><i class=\"fa fa-times\"><\/i><\/td>\n\t\t\t<td class=\"dekking\"><i class=\"fa fa-times\"><\/i><\/td>\t\n\t\t\t<td class=\"dekking\"><i class=\"fa fa-times\"><\/i><\/td>\t\n\t\t\t<td class=\"dekking\">Jusqu\u2019\u00e0 1.500 \u20ac <\/td>\t\n\t\t<\/tr>\n\t\t\t\t<tr>\n\t\t\t<th>Assurance bagages incluse (jusqu\u2019\u00e0)<\/th>\t\n\t\t\t<td class=\"dekking\"><i class=\"fa fa-times\"><\/i><\/td>\n\t\t\t<td class=\"dekking\"><i class=\"fa fa-times\"><\/i><\/td>\t\n\t\t\t<td class=\"dekking\"><i class=\"fa fa-times\"><\/i><\/td>\t\n\t\t\t<td class=\"dekking\">Jusqu\u2019\u00e0 2.500 \u20ac<\/td>\t\n\t\t<\/tr>\n\t\t  \n\t <\/tbody>     \n\t<\/table>\n<\/div>\n\n\n<hr class=\"wp-block-separator has-css-opacity\"\/>\n\n\n\n<h2 class=\"wp-block-heading\"><strong>ASSURANCES COMPL\u00c9MENTAIRES<\/strong><\/h2>\n\n\n\n<p><strong>Assurance Conducteu<\/strong>r<\/p>\n\n\n\n<p>En cas de d\u00e9c\u00e8s ou d&rsquo;invalidit\u00e9 apr\u00e8s un accident,&nbsp;cette assurance compl\u00e9mentaire pr\u00e9voit le versement d&rsquo;un montant fixe aux proches. Le remboursement des frais m\u00e9dicaux jusqu&rsquo;\u00e0&nbsp;2.500 \u20ac est \u00e9galement pris en charge par cette assurance.<\/p>\n\n\n\n<p><strong>Assurance Protection Juridique<\/strong><\/p>\n\n\n\n<p>Avec cette option compl\u00e9mentaire d\u2019assurance, en plus de b\u00e9n\u00e9ficier d\u2019une aide juridique, vous serez \u00e0 l\u2019abri financi\u00e8rement. En effet,&nbsp;votre assureur entame une proc\u00e9dure et mandate, \u00e9ventuellement, un expert&nbsp;en sinistre&nbsp;pour&nbsp;\u00e9valuer la situation et s\u2019occupe de toute communication li\u00e9e&nbsp;\u00e0 votre dossier.<\/p>\n\n\n\n<p><strong>Assistance d\u00e9pannage (pour les motos jusqu\u2019\u00e0 10 ans)<\/strong><\/p>\n\n\n\n<p>Gr\u00e2ce \u00e0 cette garantie compl\u00e9mentaire, vous b\u00e9n\u00e9ficiez de l\u2019assistance suite \u00e0 une panne partout en Europe (l\u2019assistance apr\u00e8s accident est d\u00e9j\u00e0 incluse dans toutes nos formules d\u2019assurance). Si le probl\u00e8me technique ne peut \u00eatre r\u00e9solu sur place,&nbsp;votre moto sera transf\u00e9r\u00e9e jusqu\u2019\u00e0 un garage.<\/p>\n\n\n\n<hr class=\"wp-block-separator has-css-opacity\"\/>\n\n\n\n<h2 class=\"wp-block-heading\"><strong>Avantages et r\u00e9ductions<\/strong><\/h2>\n\n\n\n\n<div id=\"content-image-block_084065fc086b85d96a04d624b75d2ee9\" class=\"grid-x content-image-block\">\n\t\n\t\t\n\t<div class=\"cell medium-6 image\" style=\"background: url(https:\/\/indianmotorcycleinsurance.be\/fr\/wp-content\/uploads\/2025\/01\/670d3bc969957.jpg) no-repeat center center;\">\n\t\t\t\n\t<\/div>\n\t\t\t\t\n\t<div class=\"cell medium-6 text\">\n\t\n\t<p><strong>RC \u00c1 PARTIR DE 164 \u20ac PAR AN !<\/strong><\/p>\n<p>La responsabilit\u00e9 civile (RC) est l&rsquo;assurance minimum obligatoire pour pouvoir prendre la route \u00e0 moto. Chez Indian Motorcycle Insurance, vous \u00eates assur\u00e9 \u00e0 partir de 164 \u20ac par an, assistance apr\u00e8s accident incluse.<\/p>\n\t\n\t<\/div>\n\t\n\t\t\n<\/div>\n\n\n\n<div id=\"content-image-block_ca6bba79713c7dfc166449d539d1f093\" class=\"grid-x content-image-block\">\n\t\n\t\t\n\t\t<div class=\"cell medium-6 text\">\n\t\n\t<p><strong>PAUSE HIVERNALE<\/strong><\/p>\n<p>Vous ne roulez pas en hiver ? La pause hivernale est alors une bonne solution pour vous: durant la p\u00e9riode du 15 d\u00e9cembre au 1er mars, les garanties Omnium ayant rapport avec l\u2019utilisation de la moto sont suspendues. En optant pour la pause hivernale, vous obtiendrez une remise sur votre prime d&rsquo;assurance.<\/p>\n\t\n\t<\/div>\n\t\n\t<div class=\"cell medium-6 image\" style=\"background: url(https:\/\/indianmotorcycleinsurance.be\/fr\/wp-content\/uploads\/2025\/01\/6781143b2e1161.jpg) no-repeat center center;\">\n\t\t\t\n\t<\/div>\n\t\t\t\t\n\t\n\t\n\t\t\n<\/div>\n\n\n\n<div id=\"content-image-block_6d8ce4a1b85918e89a06ef2aca5d22e9\" class=\"grid-x content-image-block\">\n\t\n\t\t\n\t<div class=\"cell medium-6 image\" style=\"background: url(https:\/\/indianmotorcycleinsurance.be\/fr\/wp-content\/uploads\/2025\/01\/670933116197b.jpg) no-repeat center center;\">\n\t\t\t\n\t<\/div>\n\t\t\t\t\n\t<div class=\"cell medium-6 text\">\n\t\n\t<p><strong>FULL OMNIUM POUR LES MOTOS JUSQU&rsquo;\u00c1 15 ANS<\/strong><\/p>\n<p>La valeur des motos Indian Motorcycle est stable, alors pourquoi devrions-nous nous limiter d\u2019offrir la couverture Full Omnium qu\u2019aux motos jusqu&rsquo;\u00e0 3 ans ? Nous offrons volontiers l\u2019assurance \u2018\u2019Full Omnium\u2019\u2019 aussi aux motos jusqu&rsquo;\u00e0 15 ans ! Ainsi, vous pouvez \u00eatre s\u00fbr de pouvoir \u00e9galement assurer vos dommages caus\u00e9s par votre propre faute.<\/p>\n\t\n\t<\/div>\n\t\n\t\t\n<\/div>\n\n\n\n<div id=\"content-image-block_35b448c0124d6ea18ccf50b97bcad9d7\" class=\"grid-x content-image-block\">\n\t\n\t\t\n\t\t<div class=\"cell medium-6 text\">\n\t\n\t<p><strong>FRANCHISE \u00c0 0 \u20ac<\/strong><\/p>\n<p>En cas de r\u00e9paration par un concessionnaire officiel Indian Motorcycle, vous b\u00e9n\u00e9ficiez d&rsquo;une franchise de 0 \u20ac. Si vous pr\u00e9f\u00e9rez un r\u00e9parateur ind\u00e9pendant plut\u00f4t qu\u2019un concessionnaire officiel Indian Motorcycle, la franchise est de 1.500 \u20ac.<\/p>\n\t\n\t<\/div>\n\t\n\t<div class=\"cell medium-6 image\" style=\"background: url(https:\/\/indianmotorcycleinsurance.be\/fr\/wp-content\/uploads\/2025\/01\/678114e7dcf3b1.jpg) no-repeat center center;\">\n\t\t\t\n\t<\/div>\n\t\t\t\t\n\t\n\t\n\t\t\n<\/div>\n\n\n\n<div id=\"content-image-block_3d038920d2e081cbb11184e95ff11aa1\" class=\"grid-x content-image-block\">\n\t\n\t\t\n\t<div class=\"cell medium-6 image\" style=\"background: url(https:\/\/indianmotorcycleinsurance.be\/fr\/wp-content\/uploads\/2025\/01\/67093c2a16f171.jpg) no-repeat center center;\">\n\t\t\t\n\t<\/div>\n\t\t\t\t\n\t<div class=\"cell medium-6 text\">\n\t\n\t<p><strong>R\u00c8GLEMENT RAPIDE DES SINISTRES<\/strong><\/p>\n<p>En assurant votre moto Indian Motorcycle chez Indian Motorcycle Insurance, vous b\u00e9n\u00e9ficiez d\u2019avantages exclusifs. En plus du r\u00e8glement rapide de vos d\u00e9clarations des sinistres, vous aurez votre propre personne de contact qui veillera \u00e0 ce que vos dommages soient rapidement r\u00e9par\u00e9s et que vous puissiez reprendre la route.<\/p>\n<p>&nbsp;<\/p>\n\t\n\t<\/div>\n\t\n\t\t\n<\/div>\n\n\n<p>Curieux de savoir quel serait le montant votre prime ? <a href=\"https:\/\/premie.indianmotorcycleinsurance.be\/offertes\/nieuw\/1ad2cf00-fadc-4dfd-a2ae-8b030d565a87?label=indian&amp;lang=fr\" data-type=\"URL\" data-id=\"https:\/\/premie.yamahamotorinsurance.be\/offertes\/nieuw\/1ad2cf00-fadc-4dfd-a2ae-8b030d565a87?label=Indian Motorcycle&amp;lang=fr\">Faites votre calcul ici !<\/a><\/p>\n\n\n\n<p>Souhaitez-vous en savoir plus ? N&rsquo;h\u00e9sitez pas \u00e0 nous contacter au <strong>03\/808.49.62<\/strong> du lundi au vendredi de 09h00 \u00e0 17h00.<\/p>\n\n\n\n<p><\/p>\n","protected":false},"excerpt":{"rendered":"<p>POUR GARANTIR UN PLAISIR DE CONDUIRE SANS SOUCI, CHOISISSEZ INDIAN MOTORCYCLE INSURANCE Indian Motorcycle Insurance comprend mieux&nbsp;que quiconque combien il est agr\u00e9able de conduire une Indian Motorcycle. Le plus important est que vous puissiez prendre la route toute tranquillit\u00e9 d&rsquo;esprit. Que vous conduisiez un Sport Chief, un Roadmaster ou un FTR Sport, \u00e0 ce que<a class=\"excerpt-read-more\" href=\"https:\/\/indianmotorcycleinsurance.be\/fr\/assurance-indian-motorcycle\/\" title=\"ReadAssurance Indian Motorcycle\">&#8230; Read more &raquo;<\/a><\/p>\n","protected":false},"author":2,"featured_media":0,"parent":0,"menu_order":0,"comment_status":"closed","ping_status":"closed","template":"template-full-width.php","meta":{"_acf_changed":false,"editor_notices":[],"footnotes":""},"class_list":["post-92","page","type-page","status-publish","hentry"],"acf":[],"_links":{"self":[{"href":"https:\/\/indianmotorcycleinsurance.be\/fr\/wp-json\/wp\/v2\/pages\/92","targetHints":{"allow":["GET"]}}],"collection":[{"href":"https:\/\/indianmotorcycleinsurance.be\/fr\/wp-json\/wp\/v2\/pages"}],"about":[{"href":"https:\/\/indianmotorcycleinsurance.be\/fr\/wp-json\/wp\/v2\/types\/page"}],"author":[{"embeddable":true,"href":"https:\/\/indianmotorcycleinsurance.be\/fr\/wp-json\/wp\/v2\/users\/2"}],"replies":[{"embeddable":true,"href":"https:\/\/indianmotorcycleinsurance.be\/fr\/wp-json\/wp\/v2\/comments?post=92"}],"version-history":[{"count":46,"href":"https:\/\/indianmotorcycleinsurance.be\/fr\/wp-json\/wp\/v2\/pages\/92\/revisions"}],"predecessor-version":[{"id":796,"href":"https:\/\/indianmotorcycleinsurance.be\/fr\/wp-json\/wp\/v2\/pages\/92\/revisions\/796"}],"wp:attachment":[{"href":"https:\/\/indianmotorcycleinsurance.be\/fr\/wp-json\/wp\/v2\/media?parent=92"}],"curies":[{"name":"wp","href":"https:\/\/api.w.org\/{rel}","templated":true}]}}