{"id":61,"date":"2021-01-11T12:59:04","date_gmt":"2021-01-11T12:59:04","guid":{"rendered":"https:\/\/yamaha-be.bijna.online\/?page_id=61"},"modified":"2023-12-20T10:47:27","modified_gmt":"2023-12-20T10:47:27","slug":"disclaimer","status":"publish","type":"page","link":"https:\/\/indianmotorcycleinsurance.be\/fr\/disclaimer\/","title":{"rendered":"Mentions-legales"},"content":{"rendered":"\n<p><strong>Responsabilit\u00e9 des contenus publi\u00e9s<\/strong><\/p>\n\n\n\n<p>Indian Motorcycle Insurance<a> <\/a>s&rsquo;efforce d&rsquo;assurer au mieux de ses possibilit\u00e9s, l&rsquo;exactitude et la mise \u00e0 compl\u00e8tes et \u00e0 jour toutes les informations sur ce site. Toutefois, nous ne pouvons pas garantir que ces informations sont toujours \u00e0 jour, exemptes d&rsquo;erreurs ou compl\u00e8tes. Par cons\u00e9quent, aucun droit ne peut \u00eatre tir\u00e9 des informations fournies sur ce site. En outre, Indian Motorcycle Insurance n&rsquo;assume aucune responsabilit\u00e9 pour le contenu des sites qui ne sont pas g\u00e9r\u00e9s par Indian Motorcycle Insurance et auxquels il est fait r\u00e9f\u00e9rence, ou qui renvoient vers le(s) site(s) de Indian Motorcycle Insurance.<\/p>\n\n\n\n<p>Indian Motorcycle Insurance se r\u00e9serve le droit de v\u00e9rifier les d\u00e9tails du devis que vous fournissez et, en cas de la fourniture d&rsquo;informations incorrectes, de les modifier afin de les mettre en conformit\u00e9 avec la prime de garantie ou le devis actuel. Aucun droit contraignant ne peut \u00eatre d\u00e9duit du calcul des primes sur le site web Indian Motorcycle Insurance.<\/p>\n\n\n\n<p><strong>L\u00e9gislation<\/strong><\/p>\n\n\n\n<p>La l\u00e9gislation dans le domaine du commerce \u00e9lectronique est encore en pleine \u00e9volution. Des informations sur la l\u00e9gislation n\u00e9erlandaise et les activit\u00e9s du gouvernement dans le domaine du commerce \u00e9lectronique peuvent \u00eatre consult\u00e9es sur le site web du minist\u00e8re des affaires \u00e9conomiques. Indian Motorcycle Insurance suit de pr\u00e8s les d\u00e9veloppements et adapte sa politique et ses activit\u00e9s \u00e0 la l\u00e9gislation europ\u00e9enne et n\u00e9erlandaise actuelle.<\/p>\n\n\n\n<p><strong>Droit de propri\u00e9t\u00e9<\/strong><\/p>\n\n\n\n<p>Il est interdit de diffuser distribuer ou reproduire en totalit\u00e9 ou en partie, des informations reprises sur ce site web sans en avoir obtenu l&rsquo;autorisation \u00e9crite pr\u00e9alable de Indian Motorcycle Insurance.<\/p>\n","protected":false},"excerpt":{"rendered":"<p>Responsabilit\u00e9 des contenus publi\u00e9s Indian Motorcycle Insurance s&rsquo;efforce d&rsquo;assurer au mieux de ses possibilit\u00e9s, l&rsquo;exactitude et la mise \u00e0 compl\u00e8tes et \u00e0 jour toutes les informations sur ce site. Toutefois, nous ne pouvons pas garantir que ces informations sont toujours \u00e0 jour, exemptes d&rsquo;erreurs ou compl\u00e8tes. Par cons\u00e9quent, aucun droit ne peut \u00eatre tir\u00e9 des<a class=\"excerpt-read-more\" href=\"https:\/\/indianmotorcycleinsurance.be\/fr\/disclaimer\/\" title=\"ReadMentions-legales\">&#8230; Read more &raquo;<\/a><\/p>\n","protected":false},"author":1,"featured_media":0,"parent":0,"menu_order":0,"comment_status":"closed","ping_status":"closed","template":"","meta":{"_acf_changed":false,"editor_notices":[],"footnotes":""},"class_list":["post-61","page","type-page","status-publish","hentry"],"acf":[],"_links":{"self":[{"href":"https:\/\/indianmotorcycleinsurance.be\/fr\/wp-json\/wp\/v2\/pages\/61","targetHints":{"allow":["GET"]}}],"collection":[{"href":"https:\/\/indianmotorcycleinsurance.be\/fr\/wp-json\/wp\/v2\/pages"}],"about":[{"href":"https:\/\/indianmotorcycleinsurance.be\/fr\/wp-json\/wp\/v2\/types\/page"}],"author":[{"embeddable":true,"href":"https:\/\/indianmotorcycleinsurance.be\/fr\/wp-json\/wp\/v2\/users\/1"}],"replies":[{"embeddable":true,"href":"https:\/\/indianmotorcycleinsurance.be\/fr\/wp-json\/wp\/v2\/comments?post=61"}],"version-history":[{"count":3,"href":"https:\/\/indianmotorcycleinsurance.be\/fr\/wp-json\/wp\/v2\/pages\/61\/revisions"}],"predecessor-version":[{"id":584,"href":"https:\/\/indianmotorcycleinsurance.be\/fr\/wp-json\/wp\/v2\/pages\/61\/revisions\/584"}],"wp:attachment":[{"href":"https:\/\/indianmotorcycleinsurance.be\/fr\/wp-json\/wp\/v2\/media?parent=61"}],"curies":[{"name":"wp","href":"https:\/\/api.w.org\/{rel}","templated":true}]}}