{"id":2,"date":"2021-01-11T11:15:55","date_gmt":"2021-01-11T11:15:55","guid":{"rendered":"https:\/\/yamaha-be.bijna.online\/?page_id=2"},"modified":"2025-01-30T13:36:28","modified_gmt":"2025-01-30T13:36:28","slug":"home","status":"publish","type":"page","link":"https:\/\/indianmotorcycleinsurance.be\/fr\/","title":{"rendered":"Home"},"content":{"rendered":"\n<h1 class=\"wp-block-heading\">BIENVENUE CHEZ INDIAN MOTORCYCLE INSURANCE<\/h1>\n\n\n\n<p><strong>Pour garantir&nbsp;un plaisir de conduire sans souci, choisissez Indian Motorcycle<\/strong><\/p>\n\n\n\n<p>Indian Motorcycle Insurance comprend mieux&nbsp;que quiconque combien il est agr\u00e9able de conduire une Indian Motorcycle. Le plus important est que vous puissiez prendre la route toute tranquillit\u00e9 d&rsquo;esprit. Que vous conduisiez un Sport Chief, un Roadmaster ou un FTR Sport, \u00e0 ce que vous soyez correctement assur\u00e9. En choisissant nos garanties pour votre moto Indian Motorcycle, vous composez votre protection et celle de votre moto selon vos besoins.<\/p>\n\n\n\n<p>Curieux de savoir quel serait le montant votre prime ? <a href=\"https:\/\/premie.indianmotorcycleinsurance.be\/offertes\/nieuw\/1ad2cf00-fadc-4dfd-a2ae-8b030d565a87?label=indian&amp;lang=fr\" data-type=\"URL\" data-id=\"https:\/\/premie.yamahamotorinsurance.be\/offertes\/nieuw\/1ad2cf00-fadc-4dfd-a2ae-8b030d565a87?label=Indian Motorcycle&amp;lang=fr\">Faites votre calcul ici !<\/a><\/p>\n\n\n\n<p>Souhaitez-vous en savoir plus ? N&rsquo;h\u00e9sitez pas \u00e0 nous contacter au 03 808 49 62 du lundi au vendredi de 09h00 \u00e0 17h00.<\/p>\n\n\n\n\n<div id=\"content-image-block_05bc6545f98a152a2585432b81fafb9d\" class=\"grid-x content-image-block\">\n\t\n\t\t\n\t<div class=\"cell medium-6 image\" style=\"background: url(https:\/\/indianmotorcycleinsurance.be\/fr\/wp-content\/uploads\/2025\/01\/67812567ed1a71.jpg) no-repeat center center;\">\n\t\t\t\n\t<\/div>\n\t\t\t\t\n\t<div class=\"cell medium-6 text\">\n\t\n\t<p><strong>RC \u00c0 PARTIR DE 164 \u20ac PAR AN !<\/strong><\/p>\n<p>La responsabilit\u00e9 civile (RC) est l\u2019assurance minimum obligatoire pour pouvoir prendre la route \u00e0 moto. Chez Indian Motorcycle Insurance, vous \u00eates assur\u00e9 \u00e0 partir de 164 \u20ac par an !<\/p>\n\t\n\t<\/div>\n\t\n\t\t\n<\/div>\n\n\n\n<div id=\"content-image-block_ec9adcbdd36c3e8816ce479efa5b7eec\" class=\"grid-x content-image-block\">\n\t\n\t\t\n\t\t<div class=\"cell medium-6 text\">\n\t\n\t<p><strong>FRANCHISE \u00c0 0 \u20ac<\/strong><\/p>\n<p>En cas de r\u00e9paration par un concessionnaire officiel Indian Motorcycle, vous b\u00e9n\u00e9ficiez d\u2019une franchise de 0 \u20ac. Si vous pr\u00e9f\u00e9rez un r\u00e9parateur ind\u00e9pendant plut\u00f4t qu\u2019un concessionnaire officiel Indian Motorcycle, la franchise est de 1.500 \u20ac.<\/p>\n\t\n\t<\/div>\n\t\n\t<div class=\"cell medium-6 image\" style=\"background: url(https:\/\/indianmotorcycleinsurance.be\/fr\/wp-content\/uploads\/2025\/01\/670d0a0a7df76.jpg) no-repeat center center;\">\n\t\t\t\n\t<\/div>\n\t\t\t\t\n\t\n\t\n\t\t\n<\/div>","protected":false},"excerpt":{"rendered":"<p>BIENVENUE CHEZ INDIAN MOTORCYCLE INSURANCE Pour garantir&nbsp;un plaisir de conduire sans souci, choisissez Indian Motorcycle Indian Motorcycle Insurance comprend mieux&nbsp;que quiconque combien il est agr\u00e9able de conduire une Indian Motorcycle. Le plus important est que vous puissiez prendre la route toute tranquillit\u00e9 d&rsquo;esprit. Que vous conduisiez un Sport Chief, un Roadmaster ou un FTR Sport,<a class=\"excerpt-read-more\" href=\"https:\/\/indianmotorcycleinsurance.be\/fr\/\" title=\"ReadHome\">&#8230; Read more &raquo;<\/a><\/p>\n","protected":false},"author":1,"featured_media":0,"parent":0,"menu_order":0,"comment_status":"closed","ping_status":"closed","template":"page-templates.php\/homepage.php","meta":{"_acf_changed":false,"editor_notices":[],"footnotes":""},"class_list":["post-2","page","type-page","status-publish","hentry"],"acf":[],"_links":{"self":[{"href":"https:\/\/indianmotorcycleinsurance.be\/fr\/wp-json\/wp\/v2\/pages\/2","targetHints":{"allow":["GET"]}}],"collection":[{"href":"https:\/\/indianmotorcycleinsurance.be\/fr\/wp-json\/wp\/v2\/pages"}],"about":[{"href":"https:\/\/indianmotorcycleinsurance.be\/fr\/wp-json\/wp\/v2\/types\/page"}],"author":[{"embeddable":true,"href":"https:\/\/indianmotorcycleinsurance.be\/fr\/wp-json\/wp\/v2\/users\/1"}],"replies":[{"embeddable":true,"href":"https:\/\/indianmotorcycleinsurance.be\/fr\/wp-json\/wp\/v2\/comments?post=2"}],"version-history":[{"count":29,"href":"https:\/\/indianmotorcycleinsurance.be\/fr\/wp-json\/wp\/v2\/pages\/2\/revisions"}],"predecessor-version":[{"id":771,"href":"https:\/\/indianmotorcycleinsurance.be\/fr\/wp-json\/wp\/v2\/pages\/2\/revisions\/771"}],"wp:attachment":[{"href":"https:\/\/indianmotorcycleinsurance.be\/fr\/wp-json\/wp\/v2\/media?parent=2"}],"curies":[{"name":"wp","href":"https:\/\/api.w.org\/{rel}","templated":true}]}}