{"id":105,"date":"2021-01-12T14:11:08","date_gmt":"2021-01-12T14:11:08","guid":{"rendered":"https:\/\/yamaha-be.bijna.online\/fr\/?page_id=105"},"modified":"2023-12-20T10:45:00","modified_gmt":"2023-12-20T10:45:00","slug":"lattestation-bonusmalus","status":"publish","type":"page","link":"https:\/\/indianmotorcycleinsurance.be\/fr\/lattestation-bonusmalus\/","title":{"rendered":"L\u2019attestation bonusmalus"},"content":{"rendered":"\n<p>Si vous changez d\u2019assureur ou vous voulez assurer une Indian Motorcycle suppl\u00e9mentaire vous \u00eates oblig\u00e9 de prouver vos ant\u00e9c\u00e9dents des 5 derni\u00e8res ann\u00e9es.&nbsp; Vous pouvez demander votre document de dommages, l\u2019attestation bonusmalus, chez votre assureur actuel. Il est aussi possible chez plusieurs assureurs de consulter et imprimer l\u2019attestation vous-m\u00eame via le site de car@attest.&nbsp; Pour acc\u00e9der sur <a href=\"http:\/\/www.carattest.be\">www.carattest.be<\/a> &nbsp;vous avez besoin d\u2019un lecteur de carte \u00e9lectronique, votre carte d\u2019identit\u00e9 et le code PIN. <\/p>\n\n\n\n<p>Ci-dessous vous trouvez la\nliste des assureurs participants :<\/p>\n\n\n\n<p>AG Insurance&nbsp;,&nbsp;Allianz Belgium, Alpha Insurance, Amma Assurances,&nbsp;Argenta, Axa Belgium, Baloise Insurance, Belfius Assurances,&nbsp;Corona Direct&nbsp;,&nbsp;Delta Lloyd Life,&nbsp;Ethias&nbsp;,&nbsp;F\u00e9d\u00e9rale Assurances&nbsp;,&nbsp;Fidea, Foyer Assurances,&nbsp;Generali Belgium&nbsp;,&nbsp;KBC Assurances&nbsp;,&nbsp;L&rsquo;Ardenne Prevoyante, Nateus, Nationale Suisse,&nbsp;P&amp;V Assurances&nbsp;,&nbsp;Partners Assurances&nbsp;,&nbsp;Yuzzu Assurances&nbsp;, TVM Belgium<\/p>\n\n\n\n<p>Seulement les attestations d\u00e9s le1 avril\n2013 seront dipsonible sur le site <a href=\"https:\/\/www.carattest.be\">https:\/\/www.carattest.be<\/a>. &nbsp;Les attestations d\u2019avant le1 avril 2013 seront\nenvoy\u00e9es par la poste.<\/p>\n\n\n\n<p>Vous avez des questions ? N\u2019h\u00e9sitez pas de nous contacter au 03\/808.49.62 ou via <a href=\"mailto:info@indianmotorcycleinsurance.be\">info@indianmotorcycleinsurance.be<\/a><\/p>\n","protected":false},"excerpt":{"rendered":"<p>Si vous changez d\u2019assureur ou vous voulez assurer une Indian Motorcycle suppl\u00e9mentaire vous \u00eates oblig\u00e9 de prouver vos ant\u00e9c\u00e9dents des 5 derni\u00e8res ann\u00e9es.&nbsp; Vous pouvez demander votre document de dommages, l\u2019attestation bonusmalus, chez votre assureur actuel. Il est aussi possible chez plusieurs assureurs de consulter et imprimer l\u2019attestation vous-m\u00eame via le site de car@attest.&nbsp; Pour<a class=\"excerpt-read-more\" href=\"https:\/\/indianmotorcycleinsurance.be\/fr\/lattestation-bonusmalus\/\" title=\"ReadL\u2019attestation bonusmalus\">&#8230; Read more &raquo;<\/a><\/p>\n","protected":false},"author":2,"featured_media":0,"parent":0,"menu_order":0,"comment_status":"closed","ping_status":"closed","template":"","meta":{"_acf_changed":false,"editor_notices":[],"footnotes":""},"class_list":["post-105","page","type-page","status-publish","hentry"],"acf":[],"_links":{"self":[{"href":"https:\/\/indianmotorcycleinsurance.be\/fr\/wp-json\/wp\/v2\/pages\/105","targetHints":{"allow":["GET"]}}],"collection":[{"href":"https:\/\/indianmotorcycleinsurance.be\/fr\/wp-json\/wp\/v2\/pages"}],"about":[{"href":"https:\/\/indianmotorcycleinsurance.be\/fr\/wp-json\/wp\/v2\/types\/page"}],"author":[{"embeddable":true,"href":"https:\/\/indianmotorcycleinsurance.be\/fr\/wp-json\/wp\/v2\/users\/2"}],"replies":[{"embeddable":true,"href":"https:\/\/indianmotorcycleinsurance.be\/fr\/wp-json\/wp\/v2\/comments?post=105"}],"version-history":[{"count":6,"href":"https:\/\/indianmotorcycleinsurance.be\/fr\/wp-json\/wp\/v2\/pages\/105\/revisions"}],"predecessor-version":[{"id":600,"href":"https:\/\/indianmotorcycleinsurance.be\/fr\/wp-json\/wp\/v2\/pages\/105\/revisions\/600"}],"wp:attachment":[{"href":"https:\/\/indianmotorcycleinsurance.be\/fr\/wp-json\/wp\/v2\/media?parent=105"}],"curies":[{"name":"wp","href":"https:\/\/api.w.org\/{rel}","templated":true}]}}